{"id":103,"date":"2020-03-03T14:53:55","date_gmt":"2020-03-03T14:53:55","guid":{"rendered":"https:\/\/d-tech-solutions.com\/?page_id=103"},"modified":"2021-03-30T15:59:51","modified_gmt":"2021-03-30T15:59:51","slug":"empresa","status":"publish","type":"page","link":"https:\/\/d-tech-solutions.com\/es\/empresa\/","title":{"rendered":"Empresa"},"content":{"rendered":"\t\t<div data-elementor-type=\"wp-page\" data-elementor-id=\"103\" class=\"elementor elementor-103\">\n\t\t\t\t\t\t<div class=\"elementor-inner\">\n\t\t\t\t<div class=\"elementor-section-wrap\">\n\t\t\t\t\t\t\t\t\t<section class=\"elementor-section elementor-top-section elementor-element elementor-element-a5bfb94 elementor-section-full_width elementor-section-height-default elementor-section-height-default\" data-id=\"a5bfb94\" data-element_type=\"section\">\n\t\t\t\t\t\t<div class=\"elementor-container elementor-column-gap-default\">\n\t\t\t\t\t\t\t<div class=\"elementor-row\">\n\t\t\t\t\t<div class=\"elementor-column elementor-col-100 elementor-top-column elementor-element elementor-element-ad05c28\" data-id=\"ad05c28\" data-element_type=\"column\">\n\t\t\t<div class=\"elementor-column-wrap elementor-element-populated\">\n\t\t\t\t\t\t\t<div class=\"elementor-widget-wrap\">\n\t\t\t\t\t\t<div class=\"elementor-element elementor-element-a0c4315 elementor-widget elementor-widget-shortcode\" data-id=\"a0c4315\" data-element_type=\"widget\" data-widget_type=\"shortcode.default\">\n\t\t\t\t<div class=\"elementor-widget-container\">\n\t\t\t\t\t<div class=\"elementor-shortcode\">\t\t<div data-elementor-type=\"section\" data-elementor-id=\"374\" class=\"elementor elementor-374\">\n\t\t\t\t\t<div class=\"elementor-section-wrap\">\n\t\t\t\t\t\t\t\t<section class=\"elementor-section elementor-top-section elementor-element elementor-element-ea2e177 elementor-section-height-min-height elementor-section-boxed elementor-section-height-default elementor-section-items-middle\" data-id=\"ea2e177\" data-element_type=\"section\" data-settings=\"{&quot;background_background&quot;:&quot;classic&quot;}\">\n\t\t\t\t\t\t\t<div class=\"elementor-background-overlay\"><\/div>\n\t\t\t\t\t\t\t<div class=\"elementor-container elementor-column-gap-default\">\n\t\t\t\t\t\t\t<div class=\"elementor-row\">\n\t\t\t\t\t<div class=\"elementor-column elementor-col-100 elementor-top-column elementor-element elementor-element-187e787\" data-id=\"187e787\" data-element_type=\"column\">\n\t\t\t<div class=\"elementor-column-wrap elementor-element-populated\">\n\t\t\t\t\t\t\t<div class=\"elementor-widget-wrap\">\n\t\t\t\t\t\t\t\t<\/div>\n\t\t\t\t\t<\/div>\n\t\t<\/div>\n\t\t\t\t\t\t\t\t<\/div>\n\t\t\t\t\t<\/div>\n\t\t<\/section>\n\t\t\t\t\t\t\t<\/div>\n\t\t\t\t<\/div>\n\t\t<\/div>\n\t\t\t\t<\/div>\n\t\t\t\t<\/div>\n\t\t\t\t\t\t<\/div>\n\t\t\t\t\t<\/div>\n\t\t<\/div>\n\t\t\t\t\t\t\t\t<\/div>\n\t\t\t\t\t<\/div>\n\t\t<\/section>\n\t\t\t\t<section class=\"elementor-section elementor-top-section elementor-element elementor-element-0141576 elementor-section-height-min-height elementor-section-boxed elementor-section-height-default elementor-section-items-middle\" data-id=\"0141576\" data-element_type=\"section\" data-settings=\"{&quot;background_background&quot;:&quot;classic&quot;}\">\n\t\t\t\t\t\t<div class=\"elementor-container elementor-column-gap-default\">\n\t\t\t\t\t\t\t<div class=\"elementor-row\">\n\t\t\t\t\t<div class=\"elementor-column elementor-col-50 elementor-top-column elementor-element elementor-element-9838a79\" data-id=\"9838a79\" data-element_type=\"column\">\n\t\t\t<div class=\"elementor-column-wrap elementor-element-populated\">\n\t\t\t\t\t\t\t<div class=\"elementor-widget-wrap\">\n\t\t\t\t\t\t<div class=\"elementor-element elementor-element-faac2ec elementor-widget-mobile__width-inherit elementor-widget elementor-widget-text-editor\" data-id=\"faac2ec\" data-element_type=\"widget\" data-widget_type=\"text-editor.default\">\n\t\t\t\t<div class=\"elementor-widget-container\">\n\t\t\t\t\t\t\t\t<div class=\"elementor-text-editor elementor-clearfix\">\n\t\t\t\t<p>D-TECH es una divisi\u00f3n de la compa\u00f1\u00eda PLASFICH, especializada en tecnolog\u00edas de tratamiento de olores de origen industrial. Nuestros productos y servicios est\u00e1n dirigidos eminentemente a sectores industriales tales como las industrias de tratamiento de agua residuales, tratamiento de residuos s\u00f3lidos, industrias qu\u00edmica y farmac\u00e9utica, etc. Trabajamos tanto en el \u00e1mbito territorial europeo (principalmente en Portugal y Espa\u00f1a) y Latinoam\u00e9rica.<\/p><p>Nuestro centro de producci\u00f3n, ubicado muy pr\u00f3ximo a Lisboa, tiene una superficie construida cubierta de m\u00e1s de 4.000 m2, en una parcela de 10.000 m2, con la \u00faltima tecnolog\u00eda de mecanizado, curvado de plancha en fr\u00edo y soldadura autom\u00e1tica. El proceso de fabricaci\u00f3n cumple los requisitos establecidos por la norma alemana DVS y un sistema integrado de gesti\u00f3n de la calidad y medio ambiente seg\u00fan las norma ISO 9001:2015 e ISO 14001:2015.<\/p>\t\t\t\t\t<\/div>\n\t\t\t\t\t\t<\/div>\n\t\t\t\t<\/div>\n\t\t\t\t\t\t<\/div>\n\t\t\t\t\t<\/div>\n\t\t<\/div>\n\t\t\t\t<div class=\"elementor-column elementor-col-50 elementor-top-column elementor-element elementor-element-1f25d58\" data-id=\"1f25d58\" data-element_type=\"column\">\n\t\t\t<div class=\"elementor-column-wrap elementor-element-populated\">\n\t\t\t\t\t\t\t<div class=\"elementor-widget-wrap\">\n\t\t\t\t\t\t<div class=\"elementor-element elementor-element-00b953a elementor-widget__width-initial elementor-widget-mobile__width-inherit elementor-widget elementor-widget-heading\" data-id=\"00b953a\" data-element_type=\"widget\" data-widget_type=\"heading.default\">\n\t\t\t\t<div class=\"elementor-widget-container\">\n\t\t\t<h2 class=\"elementor-heading-title elementor-size-default\">Contamos con personal de montaje propio altamente cualificado y con experiencia a nivel internacional. <\/h2>\t\t<\/div>\n\t\t\t\t<\/div>\n\t\t\t\t<div class=\"elementor-element elementor-element-5ae57a6 elementor-widget-mobile__width-inherit elementor-widget elementor-widget-text-editor\" data-id=\"5ae57a6\" data-element_type=\"widget\" data-widget_type=\"text-editor.default\">\n\t\t\t\t<div class=\"elementor-widget-container\">\n\t\t\t\t\t\t\t\t<div class=\"elementor-text-editor elementor-clearfix\">\n\t\t\t\t<p>La infraestructura, medios t\u00e9cnicos y humanos, sumado a la capacidad de producci\u00f3n y almacenamiento de materias primas y productos terminados, han permitido posicionar a D-TECH en el mercado como una marca l\u00edder en su sector.<\/p>\t\t\t\t\t<\/div>\n\t\t\t\t\t\t<\/div>\n\t\t\t\t<\/div>\n\t\t\t\t\t\t<\/div>\n\t\t\t\t\t<\/div>\n\t\t<\/div>\n\t\t\t\t\t\t\t\t<\/div>\n\t\t\t\t\t<\/div>\n\t\t<\/section>\n\t\t\t\t\t\t\t\t\t<\/div>\n\t\t\t<\/div>\n\t\t\t\t\t<\/div>\n\t\t","protected":false},"excerpt":{"rendered":"<p>D-TECH es una divisi\u00f3n de la compa\u00f1\u00eda PLASFICH, especializada en tecnolog\u00edas de tratamiento de olores de origen industrial. Nuestros productos y servicios est\u00e1n dirigidos eminentemente a sectores industriales tales como las industrias de tratamiento de agua residuales, tratamiento de residuos s\u00f3lidos, industrias qu\u00edmica y farmac\u00e9utica, etc. Trabajamos tanto en el \u00e1mbito territorial europeo (principalmente en [&hellip;]<\/p>\n","protected":false},"author":123457,"featured_media":0,"parent":0,"menu_order":0,"comment_status":"closed","ping_status":"closed","template":"","meta":[],"_links":{"self":[{"href":"https:\/\/d-tech-solutions.com\/es\/wp-json\/wp\/v2\/pages\/103"}],"collection":[{"href":"https:\/\/d-tech-solutions.com\/es\/wp-json\/wp\/v2\/pages"}],"about":[{"href":"https:\/\/d-tech-solutions.com\/es\/wp-json\/wp\/v2\/types\/page"}],"author":[{"embeddable":true,"href":"https:\/\/d-tech-solutions.com\/es\/wp-json\/wp\/v2\/users\/123457"}],"replies":[{"embeddable":true,"href":"https:\/\/d-tech-solutions.com\/es\/wp-json\/wp\/v2\/comments?post=103"}],"version-history":[{"count":40,"href":"https:\/\/d-tech-solutions.com\/es\/wp-json\/wp\/v2\/pages\/103\/revisions"}],"predecessor-version":[{"id":2042,"href":"https:\/\/d-tech-solutions.com\/es\/wp-json\/wp\/v2\/pages\/103\/revisions\/2042"}],"wp:attachment":[{"href":"https:\/\/d-tech-solutions.com\/es\/wp-json\/wp\/v2\/media?parent=103"}],"curies":[{"name":"wp","href":"https:\/\/api.w.org\/{rel}","templated":true}]}}