{"id":1621,"date":"2021-02-22T10:48:12","date_gmt":"2021-02-22T10:48:12","guid":{"rendered":"https:\/\/d-tech-solutions.com\/?page_id=1621"},"modified":"2021-03-31T08:39:14","modified_gmt":"2021-03-31T08:39:14","slug":"sectores","status":"publish","type":"page","link":"https:\/\/d-tech-solutions.com\/es\/sectores\/","title":{"rendered":"Sectores"},"content":{"rendered":"\t\t<div data-elementor-type=\"wp-page\" data-elementor-id=\"1621\" class=\"elementor elementor-1621\">\n\t\t\t\t\t\t<div class=\"elementor-inner\">\n\t\t\t\t<div class=\"elementor-section-wrap\">\n\t\t\t\t\t\t\t\t\t<section class=\"elementor-section elementor-top-section elementor-element elementor-element-14c76b90 elementor-section-height-min-height elementor-section-boxed elementor-section-height-default elementor-section-items-middle\" data-id=\"14c76b90\" data-element_type=\"section\" data-settings=\"{&quot;background_background&quot;:&quot;classic&quot;}\">\n\t\t\t\t\t\t\t<div class=\"elementor-background-overlay\"><\/div>\n\t\t\t\t\t\t\t<div class=\"elementor-container elementor-column-gap-default\">\n\t\t\t\t\t\t\t<div class=\"elementor-row\">\n\t\t\t\t\t<div class=\"elementor-column elementor-col-100 elementor-top-column elementor-element elementor-element-678df4f6\" data-id=\"678df4f6\" data-element_type=\"column\">\n\t\t\t<div class=\"elementor-column-wrap elementor-element-populated\">\n\t\t\t\t\t\t\t<div class=\"elementor-widget-wrap\">\n\t\t\t\t\t\t\t\t<\/div>\n\t\t\t\t\t<\/div>\n\t\t<\/div>\n\t\t\t\t\t\t\t\t<\/div>\n\t\t\t\t\t<\/div>\n\t\t<\/section>\n\t\t\t\t<section class=\"elementor-section elementor-top-section elementor-element elementor-element-a0ce29a elementor-section-boxed elementor-section-height-default elementor-section-height-default\" data-id=\"a0ce29a\" data-element_type=\"section\" data-settings=\"{&quot;background_background&quot;:&quot;classic&quot;}\">\n\t\t\t\t\t\t<div class=\"elementor-container elementor-column-gap-default\">\n\t\t\t\t\t\t\t<div class=\"elementor-row\">\n\t\t\t\t\t<div class=\"elementor-column elementor-col-50 elementor-top-column elementor-element elementor-element-cae0110\" data-id=\"cae0110\" data-element_type=\"column\">\n\t\t\t<div class=\"elementor-column-wrap elementor-element-populated\">\n\t\t\t\t\t\t\t<div class=\"elementor-widget-wrap\">\n\t\t\t\t\t\t<section class=\"elementor-section elementor-inner-section elementor-element elementor-element-7070378 elementor-section-boxed elementor-section-height-default elementor-section-height-default\" data-id=\"7070378\" data-element_type=\"section\" id=\"residuales\">\n\t\t\t\t\t\t<div class=\"elementor-container elementor-column-gap-default\">\n\t\t\t\t\t\t\t<div class=\"elementor-row\">\n\t\t\t\t\t<div class=\"elementor-column elementor-col-100 elementor-inner-column elementor-element elementor-element-ee6ab45\" data-id=\"ee6ab45\" data-element_type=\"column\">\n\t\t\t<div class=\"elementor-column-wrap elementor-element-populated\">\n\t\t\t\t\t\t\t<div class=\"elementor-widget-wrap\">\n\t\t\t\t\t\t<div class=\"elementor-element elementor-element-f25efd5 elementor-widget__width-initial elementor-widget elementor-widget-image\" data-id=\"f25efd5\" data-element_type=\"widget\" data-widget_type=\"image.default\">\n\t\t\t\t<div class=\"elementor-widget-container\">\n\t\t\t\t\t\t\t\t<div class=\"elementor-image\">\n\t\t\t\t\t\t\t\t\t\t\t\t<img width=\"203\" height=\"203\" src=\"https:\/\/d-tech-solutions.com\/wp-content\/uploads\/2021\/02\/Group-314.png\" class=\"attachment-full size-full\" alt=\"\" loading=\"lazy\" srcset=\"https:\/\/d-tech-solutions.com\/wp-content\/uploads\/2021\/02\/Group-314.png 203w, https:\/\/d-tech-solutions.com\/wp-content\/uploads\/2021\/02\/Group-314-150x150.png 150w\" sizes=\"(max-width: 203px) 100vw, 203px\" \/>\t\t\t\t\t\t\t\t\t\t\t\t\t\t<\/div>\n\t\t\t\t\t\t<\/div>\n\t\t\t\t<\/div>\n\t\t\t\t<div class=\"elementor-element elementor-element-06a5579 elementor-widget__width-initial elementor-widget elementor-widget-heading\" data-id=\"06a5579\" data-element_type=\"widget\" data-widget_type=\"heading.default\">\n\t\t\t\t<div class=\"elementor-widget-container\">\n\t\t\t<h2 class=\"elementor-heading-title elementor-size-default\">Tratamiento de Aguas Residuales<\/h2>\t\t<\/div>\n\t\t\t\t<\/div>\n\t\t\t\t<div class=\"elementor-element elementor-element-5037f62 elementor-widget__width-initial elementor-widget elementor-widget-text-editor\" data-id=\"5037f62\" data-element_type=\"widget\" data-widget_type=\"text-editor.default\">\n\t\t\t\t<div class=\"elementor-widget-container\">\n\t\t\t\t\t\t\t\t<div class=\"elementor-text-editor elementor-clearfix\">\n\t\t\t\t<p>Ofrecemos proyectos llave en mano de desodorizaci\u00f3n, abarcando los equipos de tratamiento como biofiltros, biofiltros percoladores (biotrickling filters), filtros de carb\u00f3n activo, scrubbers qu\u00edmicos y sistemas h\u00edbridos, conductos de ventilaci\u00f3n en PP-H o PEHD y cubiertas para contenci\u00f3n de olores. Asimismo, ofrecemos dep\u00f3sitos en diversos materiales termopl\u00e1sticos para el almacenamiento de productos qu\u00edmicos, y las correspondientes tuber\u00edas de dosificaci\u00f3n y bombas de dosificaci\u00f3n con armarios de protecci\u00f3n cuando es requerido.<\/p>\t\t\t\t\t<\/div>\n\t\t\t\t\t\t<\/div>\n\t\t\t\t<\/div>\n\t\t\t\t\t\t<\/div>\n\t\t\t\t\t<\/div>\n\t\t<\/div>\n\t\t\t\t\t\t\t\t<\/div>\n\t\t\t\t\t<\/div>\n\t\t<\/section>\n\t\t\t\t\t\t<\/div>\n\t\t\t\t\t<\/div>\n\t\t<\/div>\n\t\t\t\t<div class=\"elementor-column elementor-col-50 elementor-top-column elementor-element elementor-element-7263f8a\" data-id=\"7263f8a\" data-element_type=\"column\">\n\t\t\t<div class=\"elementor-column-wrap elementor-element-populated\">\n\t\t\t\t\t\t\t<div class=\"elementor-widget-wrap\">\n\t\t\t\t\t\t<section class=\"elementor-section elementor-inner-section elementor-element elementor-element-b4b6d3f elementor-section-boxed elementor-section-height-default elementor-section-height-default\" data-id=\"b4b6d3f\" data-element_type=\"section\" id=\"solidos\">\n\t\t\t\t\t\t<div class=\"elementor-container elementor-column-gap-default\">\n\t\t\t\t\t\t\t<div class=\"elementor-row\">\n\t\t\t\t\t<div class=\"elementor-column elementor-col-100 elementor-inner-column elementor-element elementor-element-3bb3acf\" data-id=\"3bb3acf\" data-element_type=\"column\">\n\t\t\t<div class=\"elementor-column-wrap elementor-element-populated\">\n\t\t\t\t\t\t\t<div class=\"elementor-widget-wrap\">\n\t\t\t\t\t\t<div class=\"elementor-element elementor-element-7a72a9e elementor-widget__width-initial elementor-widget elementor-widget-image\" data-id=\"7a72a9e\" data-element_type=\"widget\" data-widget_type=\"image.default\">\n\t\t\t\t<div class=\"elementor-widget-container\">\n\t\t\t\t\t\t\t\t<div class=\"elementor-image\">\n\t\t\t\t\t\t\t\t\t\t\t\t<img width=\"203\" height=\"203\" src=\"https:\/\/d-tech-solutions.com\/wp-content\/uploads\/2021\/02\/Group-315.png\" class=\"attachment-full size-full\" alt=\"\" loading=\"lazy\" srcset=\"https:\/\/d-tech-solutions.com\/wp-content\/uploads\/2021\/02\/Group-315.png 203w, https:\/\/d-tech-solutions.com\/wp-content\/uploads\/2021\/02\/Group-315-150x150.png 150w\" sizes=\"(max-width: 203px) 100vw, 203px\" \/>\t\t\t\t\t\t\t\t\t\t\t\t\t\t<\/div>\n\t\t\t\t\t\t<\/div>\n\t\t\t\t<\/div>\n\t\t\t\t<div class=\"elementor-element elementor-element-0f61a69 elementor-widget__width-initial elementor-widget elementor-widget-heading\" data-id=\"0f61a69\" data-element_type=\"widget\" data-widget_type=\"heading.default\">\n\t\t\t\t<div class=\"elementor-widget-container\">\n\t\t\t<h2 class=\"elementor-heading-title elementor-size-default\">Tratamiento de Residuos S\u00f3lidos y Plantas de Compostaje<\/h2>\t\t<\/div>\n\t\t\t\t<\/div>\n\t\t\t\t<div class=\"elementor-element elementor-element-52c5ac4 elementor-widget__width-initial elementor-widget elementor-widget-text-editor\" data-id=\"52c5ac4\" data-element_type=\"widget\" data-widget_type=\"text-editor.default\">\n\t\t\t\t<div class=\"elementor-widget-container\">\n\t\t\t\t\t\t\t\t<div class=\"elementor-text-editor elementor-clearfix\">\n\t\t\t\t<p>D-Tech ofrece soluciones llave en mano para el tratamiento de olores a trav\u00e9s de diferentes tipos de sistemas de desodorizaci\u00f3n adaptados a los requerimientos del proyecto. Por ejemplo, sistemas de biofiltraci\u00f3n y pretratamiento qu\u00edmico, as\u00ed como el dise\u00f1o e instalaci\u00f3n de la correspondiente red de conductos de ventilaci\u00f3n.<\/p>\t\t\t\t\t<\/div>\n\t\t\t\t\t\t<\/div>\n\t\t\t\t<\/div>\n\t\t\t\t\t\t<\/div>\n\t\t\t\t\t<\/div>\n\t\t<\/div>\n\t\t\t\t\t\t\t\t<\/div>\n\t\t\t\t\t<\/div>\n\t\t<\/section>\n\t\t\t\t\t\t<\/div>\n\t\t\t\t\t<\/div>\n\t\t<\/div>\n\t\t\t\t\t\t\t\t<\/div>\n\t\t\t\t\t<\/div>\n\t\t<\/section>\n\t\t\t\t<section class=\"elementor-section elementor-top-section elementor-element elementor-element-0caf515 elementor-section-boxed elementor-section-height-default elementor-section-height-default\" data-id=\"0caf515\" data-element_type=\"section\" data-settings=\"{&quot;background_background&quot;:&quot;classic&quot;}\">\n\t\t\t\t\t\t<div class=\"elementor-container elementor-column-gap-default\">\n\t\t\t\t\t\t\t<div class=\"elementor-row\">\n\t\t\t\t\t<div class=\"elementor-column elementor-col-50 elementor-top-column elementor-element elementor-element-00b90b0\" data-id=\"00b90b0\" data-element_type=\"column\">\n\t\t\t<div class=\"elementor-column-wrap elementor-element-populated\">\n\t\t\t\t\t\t\t<div class=\"elementor-widget-wrap\">\n\t\t\t\t\t\t<section class=\"elementor-section elementor-inner-section elementor-element elementor-element-6833cac elementor-section-boxed elementor-section-height-default elementor-section-height-default\" data-id=\"6833cac\" data-element_type=\"section\" id=\"quimica\">\n\t\t\t\t\t\t<div class=\"elementor-container elementor-column-gap-default\">\n\t\t\t\t\t\t\t<div class=\"elementor-row\">\n\t\t\t\t\t<div class=\"elementor-column elementor-col-100 elementor-inner-column elementor-element elementor-element-a8a8758\" data-id=\"a8a8758\" data-element_type=\"column\">\n\t\t\t<div class=\"elementor-column-wrap elementor-element-populated\">\n\t\t\t\t\t\t\t<div class=\"elementor-widget-wrap\">\n\t\t\t\t\t\t<div class=\"elementor-element elementor-element-b3830ce elementor-widget__width-initial elementor-widget elementor-widget-image\" data-id=\"b3830ce\" data-element_type=\"widget\" data-widget_type=\"image.default\">\n\t\t\t\t<div class=\"elementor-widget-container\">\n\t\t\t\t\t\t\t\t<div class=\"elementor-image\">\n\t\t\t\t\t\t\t\t\t\t\t\t<img width=\"203\" height=\"203\" src=\"https:\/\/d-tech-solutions.com\/wp-content\/uploads\/2021\/02\/Group-316.png\" class=\"attachment-full size-full\" alt=\"\" loading=\"lazy\" srcset=\"https:\/\/d-tech-solutions.com\/wp-content\/uploads\/2021\/02\/Group-316.png 203w, https:\/\/d-tech-solutions.com\/wp-content\/uploads\/2021\/02\/Group-316-150x150.png 150w\" sizes=\"(max-width: 203px) 100vw, 203px\" \/>\t\t\t\t\t\t\t\t\t\t\t\t\t\t<\/div>\n\t\t\t\t\t\t<\/div>\n\t\t\t\t<\/div>\n\t\t\t\t<div class=\"elementor-element elementor-element-b6d9f15 elementor-widget__width-initial elementor-widget elementor-widget-heading\" data-id=\"b6d9f15\" data-element_type=\"widget\" data-widget_type=\"heading.default\">\n\t\t\t\t<div class=\"elementor-widget-container\">\n\t\t\t<h2 class=\"elementor-heading-title elementor-size-default\">Industria Qu\u00edmica<\/h2>\t\t<\/div>\n\t\t\t\t<\/div>\n\t\t\t\t<div class=\"elementor-element elementor-element-0b5b581 elementor-widget__width-initial elementor-widget elementor-widget-text-editor\" data-id=\"0b5b581\" data-element_type=\"widget\" data-widget_type=\"text-editor.default\">\n\t\t\t\t<div class=\"elementor-widget-container\">\n\t\t\t\t\t\t\t\t<div class=\"elementor-text-editor elementor-clearfix\">\n\t\t\t\t<p>D-Tech ofrece soluciones para captaci\u00f3n y tratamiento de gases de los procesos de fabricaci\u00f3n, mediante diversas tecnolog\u00edas de tratamiento de aire. Dise\u00f1amos y construimos dep\u00f3sitos de para el almacenamiento de una gran variedad de productos qu\u00edmicos, con el material termopl\u00e1stico id\u00f3neo para cada producto y condiciones de almacenamiento. Nuestra capacidad de producci\u00f3n nos permite fabricar todo tipo de equipos termopl\u00e1sticos, con dise\u00f1o y dimensiones adaptadas a cada proyecto. Suministramos e instalamos redes de conducci\u00f3n de fluidos en PVDF, PVC, PP-H, PE100, ECTFE.<\/p>\t\t\t\t\t<\/div>\n\t\t\t\t\t\t<\/div>\n\t\t\t\t<\/div>\n\t\t\t\t\t\t<\/div>\n\t\t\t\t\t<\/div>\n\t\t<\/div>\n\t\t\t\t\t\t\t\t<\/div>\n\t\t\t\t\t<\/div>\n\t\t<\/section>\n\t\t\t\t\t\t<\/div>\n\t\t\t\t\t<\/div>\n\t\t<\/div>\n\t\t\t\t<div class=\"elementor-column elementor-col-50 elementor-top-column elementor-element elementor-element-25e7df3\" data-id=\"25e7df3\" data-element_type=\"column\">\n\t\t\t<div class=\"elementor-column-wrap elementor-element-populated\">\n\t\t\t\t\t\t\t<div class=\"elementor-widget-wrap\">\n\t\t\t\t\t\t<section class=\"elementor-section elementor-inner-section elementor-element elementor-element-55997af elementor-section-boxed elementor-section-height-default elementor-section-height-default\" data-id=\"55997af\" data-element_type=\"section\" id=\"farmaceutica\">\n\t\t\t\t\t\t<div class=\"elementor-container elementor-column-gap-default\">\n\t\t\t\t\t\t\t<div class=\"elementor-row\">\n\t\t\t\t\t<div class=\"elementor-column elementor-col-100 elementor-inner-column elementor-element elementor-element-a0f20ba\" data-id=\"a0f20ba\" data-element_type=\"column\">\n\t\t\t<div class=\"elementor-column-wrap elementor-element-populated\">\n\t\t\t\t\t\t\t<div class=\"elementor-widget-wrap\">\n\t\t\t\t\t\t<div class=\"elementor-element elementor-element-977d04c elementor-widget__width-initial elementor-widget elementor-widget-image\" data-id=\"977d04c\" data-element_type=\"widget\" data-widget_type=\"image.default\">\n\t\t\t\t<div class=\"elementor-widget-container\">\n\t\t\t\t\t\t\t\t<div class=\"elementor-image\">\n\t\t\t\t\t\t\t\t\t\t\t\t<img width=\"203\" height=\"203\" src=\"https:\/\/d-tech-solutions.com\/wp-content\/uploads\/2021\/02\/Group-317.png\" class=\"attachment-full size-full\" alt=\"\" loading=\"lazy\" srcset=\"https:\/\/d-tech-solutions.com\/wp-content\/uploads\/2021\/02\/Group-317.png 203w, https:\/\/d-tech-solutions.com\/wp-content\/uploads\/2021\/02\/Group-317-150x150.png 150w\" sizes=\"(max-width: 203px) 100vw, 203px\" \/>\t\t\t\t\t\t\t\t\t\t\t\t\t\t<\/div>\n\t\t\t\t\t\t<\/div>\n\t\t\t\t<\/div>\n\t\t\t\t<div class=\"elementor-element elementor-element-75c00c8 elementor-widget__width-initial elementor-widget elementor-widget-heading\" data-id=\"75c00c8\" data-element_type=\"widget\" data-widget_type=\"heading.default\">\n\t\t\t\t<div class=\"elementor-widget-container\">\n\t\t\t<h2 class=\"elementor-heading-title elementor-size-default\">Industria Farmac\u00e9utica<\/h2>\t\t<\/div>\n\t\t\t\t<\/div>\n\t\t\t\t<div class=\"elementor-element elementor-element-4202af4 elementor-widget__width-initial elementor-widget elementor-widget-text-editor\" data-id=\"4202af4\" data-element_type=\"widget\" data-widget_type=\"text-editor.default\">\n\t\t\t\t<div class=\"elementor-widget-container\">\n\t\t\t\t\t\t\t\t<div class=\"elementor-text-editor elementor-clearfix\">\n\t\t\t\t<p>Disponemos de una amplia gama de dep\u00f3sitos en termopl\u00e1sticos para almacenar diversos productos qu\u00edmicos, sistemas de ventilaci\u00f3n para laboratorios mediante redes de conductos en PPs o PPELs, y redes de conducci\u00f3n de fluidos en PVDF, PVC, PP-H, PE100, ECTFE.<\/p>\t\t\t\t\t<\/div>\n\t\t\t\t\t\t<\/div>\n\t\t\t\t<\/div>\n\t\t\t\t\t\t<\/div>\n\t\t\t\t\t<\/div>\n\t\t<\/div>\n\t\t\t\t\t\t\t\t<\/div>\n\t\t\t\t\t<\/div>\n\t\t<\/section>\n\t\t\t\t\t\t<\/div>\n\t\t\t\t\t<\/div>\n\t\t<\/div>\n\t\t\t\t\t\t\t\t<\/div>\n\t\t\t\t\t<\/div>\n\t\t<\/section>\n\t\t\t\t<section class=\"elementor-section elementor-top-section elementor-element elementor-element-aa93708 elementor-section-boxed elementor-section-height-default elementor-section-height-default\" data-id=\"aa93708\" data-element_type=\"section\" data-settings=\"{&quot;background_background&quot;:&quot;classic&quot;}\">\n\t\t\t\t\t\t<div class=\"elementor-container elementor-column-gap-default\">\n\t\t\t\t\t\t\t<div class=\"elementor-row\">\n\t\t\t\t\t<div class=\"elementor-column elementor-col-50 elementor-top-column elementor-element elementor-element-f6e5bca\" data-id=\"f6e5bca\" data-element_type=\"column\">\n\t\t\t<div class=\"elementor-column-wrap elementor-element-populated\">\n\t\t\t\t\t\t\t<div class=\"elementor-widget-wrap\">\n\t\t\t\t\t\t<section class=\"elementor-section elementor-inner-section elementor-element elementor-element-39b52ec elementor-section-boxed elementor-section-height-default elementor-section-height-default\" data-id=\"39b52ec\" data-element_type=\"section\" id=\"galvanica\">\n\t\t\t\t\t\t<div class=\"elementor-container elementor-column-gap-default\">\n\t\t\t\t\t\t\t<div class=\"elementor-row\">\n\t\t\t\t\t<div class=\"elementor-column elementor-col-100 elementor-inner-column elementor-element elementor-element-62b25d5\" data-id=\"62b25d5\" data-element_type=\"column\">\n\t\t\t<div class=\"elementor-column-wrap elementor-element-populated\">\n\t\t\t\t\t\t\t<div class=\"elementor-widget-wrap\">\n\t\t\t\t\t\t<div class=\"elementor-element elementor-element-da1e330 elementor-widget__width-initial elementor-widget elementor-widget-image\" data-id=\"da1e330\" data-element_type=\"widget\" data-widget_type=\"image.default\">\n\t\t\t\t<div class=\"elementor-widget-container\">\n\t\t\t\t\t\t\t\t<div class=\"elementor-image\">\n\t\t\t\t\t\t\t\t\t\t\t\t<img width=\"203\" height=\"203\" src=\"https:\/\/d-tech-solutions.com\/wp-content\/uploads\/2021\/02\/Group-319.png\" class=\"attachment-full size-full\" alt=\"\" loading=\"lazy\" srcset=\"https:\/\/d-tech-solutions.com\/wp-content\/uploads\/2021\/02\/Group-319.png 203w, https:\/\/d-tech-solutions.com\/wp-content\/uploads\/2021\/02\/Group-319-150x150.png 150w\" sizes=\"(max-width: 203px) 100vw, 203px\" \/>\t\t\t\t\t\t\t\t\t\t\t\t\t\t<\/div>\n\t\t\t\t\t\t<\/div>\n\t\t\t\t<\/div>\n\t\t\t\t<div class=\"elementor-element elementor-element-7324bf9 elementor-widget__width-initial elementor-widget elementor-widget-heading\" data-id=\"7324bf9\" data-element_type=\"widget\" data-widget_type=\"heading.default\">\n\t\t\t\t<div class=\"elementor-widget-container\">\n\t\t\t<h2 class=\"elementor-heading-title elementor-size-default\">Industria Galv\u00e1nica<\/h2>\t\t<\/div>\n\t\t\t\t<\/div>\n\t\t\t\t<div class=\"elementor-element elementor-element-9951ea6 elementor-widget__width-initial elementor-widget elementor-widget-text-editor\" data-id=\"9951ea6\" data-element_type=\"widget\" data-widget_type=\"text-editor.default\">\n\t\t\t\t<div class=\"elementor-widget-container\">\n\t\t\t\t\t\t\t\t<div class=\"elementor-text-editor elementor-clearfix\">\n\t\t\t\t<p>D-Tech ofrece una soluci\u00f3n integral para los clientes m\u00e1s exigentes de esta industria: tanques de procesos, campanas extractoras, redes de conductos de aspiraci\u00f3n, equipos de tratamiento de gases y chimeneas. El material de construcci\u00f3n termopl\u00e1stico es seleccionado para garantizar la mayor resistencia qu\u00edmica y vida operacional de los equipos.<\/p>\t\t\t\t\t<\/div>\n\t\t\t\t\t\t<\/div>\n\t\t\t\t<\/div>\n\t\t\t\t\t\t<\/div>\n\t\t\t\t\t<\/div>\n\t\t<\/div>\n\t\t\t\t\t\t\t\t<\/div>\n\t\t\t\t\t<\/div>\n\t\t<\/section>\n\t\t\t\t\t\t<\/div>\n\t\t\t\t\t<\/div>\n\t\t<\/div>\n\t\t\t\t<div class=\"elementor-column elementor-col-50 elementor-top-column elementor-element elementor-element-b48398b\" data-id=\"b48398b\" data-element_type=\"column\">\n\t\t\t<div class=\"elementor-column-wrap elementor-element-populated\">\n\t\t\t\t\t\t\t<div class=\"elementor-widget-wrap\">\n\t\t\t\t\t\t<section class=\"elementor-section elementor-inner-section elementor-element elementor-element-9ef8db6 elementor-section-boxed elementor-section-height-default elementor-section-height-default\" data-id=\"9ef8db6\" data-element_type=\"section\" id=\"agroalimentaria\">\n\t\t\t\t\t\t<div class=\"elementor-container elementor-column-gap-default\">\n\t\t\t\t\t\t\t<div class=\"elementor-row\">\n\t\t\t\t\t<div class=\"elementor-column elementor-col-100 elementor-inner-column elementor-element elementor-element-5daafae\" data-id=\"5daafae\" data-element_type=\"column\">\n\t\t\t<div class=\"elementor-column-wrap elementor-element-populated\">\n\t\t\t\t\t\t\t<div class=\"elementor-widget-wrap\">\n\t\t\t\t\t\t<div class=\"elementor-element elementor-element-295f01d elementor-widget__width-initial elementor-widget elementor-widget-image\" data-id=\"295f01d\" data-element_type=\"widget\" data-widget_type=\"image.default\">\n\t\t\t\t<div class=\"elementor-widget-container\">\n\t\t\t\t\t\t\t\t<div class=\"elementor-image\">\n\t\t\t\t\t\t\t\t\t\t\t\t<img width=\"203\" height=\"203\" src=\"https:\/\/d-tech-solutions.com\/wp-content\/uploads\/2021\/02\/Group-318.png\" class=\"attachment-full size-full\" alt=\"\" loading=\"lazy\" srcset=\"https:\/\/d-tech-solutions.com\/wp-content\/uploads\/2021\/02\/Group-318.png 203w, https:\/\/d-tech-solutions.com\/wp-content\/uploads\/2021\/02\/Group-318-150x150.png 150w\" sizes=\"(max-width: 203px) 100vw, 203px\" \/>\t\t\t\t\t\t\t\t\t\t\t\t\t\t<\/div>\n\t\t\t\t\t\t<\/div>\n\t\t\t\t<\/div>\n\t\t\t\t<div class=\"elementor-element elementor-element-4b30de7 elementor-widget__width-initial elementor-widget elementor-widget-heading\" data-id=\"4b30de7\" data-element_type=\"widget\" data-widget_type=\"heading.default\">\n\t\t\t\t<div class=\"elementor-widget-container\">\n\t\t\t<h2 class=\"elementor-heading-title elementor-size-default\">Industria Agroalimentaria<\/h2>\t\t<\/div>\n\t\t\t\t<\/div>\n\t\t\t\t<div class=\"elementor-element elementor-element-7c2a483 elementor-widget__width-initial elementor-widget elementor-widget-text-editor\" data-id=\"7c2a483\" data-element_type=\"widget\" data-widget_type=\"text-editor.default\">\n\t\t\t\t<div class=\"elementor-widget-container\">\n\t\t\t\t\t\t\t\t<div class=\"elementor-text-editor elementor-clearfix\">\n\t\t\t\t<p>Fabricamos todo o tipo de dep\u00f3sitos y tanques. Por ejemplo , para piscicultura y producci\u00f3n de algas. Asimismo, disponemos de diversas tecnolog\u00edas de tratamiento de aire para eliminaci\u00f3n de olores en estaciones de aguas residuales industriales.<\/p>\t\t\t\t\t<\/div>\n\t\t\t\t\t\t<\/div>\n\t\t\t\t<\/div>\n\t\t\t\t\t\t<\/div>\n\t\t\t\t\t<\/div>\n\t\t<\/div>\n\t\t\t\t\t\t\t\t<\/div>\n\t\t\t\t\t<\/div>\n\t\t<\/section>\n\t\t\t\t\t\t<\/div>\n\t\t\t\t\t<\/div>\n\t\t<\/div>\n\t\t\t\t\t\t\t\t<\/div>\n\t\t\t\t\t<\/div>\n\t\t<\/section>\n\t\t\t\t\t\t\t\t\t<\/div>\n\t\t\t<\/div>\n\t\t\t\t\t<\/div>\n\t\t","protected":false},"excerpt":{"rendered":"<p>Tratamiento de Aguas Residuales Ofrecemos proyectos llave en mano de desodorizaci\u00f3n, abarcando los equipos de tratamiento como biofiltros, biofiltros percoladores (biotrickling filters), filtros de carb\u00f3n activo, scrubbers qu\u00edmicos y sistemas h\u00edbridos, conductos de ventilaci\u00f3n en PP-H o PEHD y cubiertas para contenci\u00f3n de olores. Asimismo, ofrecemos dep\u00f3sitos en diversos materiales termopl\u00e1sticos para el almacenamiento de [&hellip;]<\/p>\n","protected":false},"author":123457,"featured_media":0,"parent":0,"menu_order":0,"comment_status":"closed","ping_status":"closed","template":"","meta":[],"_links":{"self":[{"href":"https:\/\/d-tech-solutions.com\/es\/wp-json\/wp\/v2\/pages\/1621"}],"collection":[{"href":"https:\/\/d-tech-solutions.com\/es\/wp-json\/wp\/v2\/pages"}],"about":[{"href":"https:\/\/d-tech-solutions.com\/es\/wp-json\/wp\/v2\/types\/page"}],"author":[{"embeddable":true,"href":"https:\/\/d-tech-solutions.com\/es\/wp-json\/wp\/v2\/users\/123457"}],"replies":[{"embeddable":true,"href":"https:\/\/d-tech-solutions.com\/es\/wp-json\/wp\/v2\/comments?post=1621"}],"version-history":[{"count":15,"href":"https:\/\/d-tech-solutions.com\/es\/wp-json\/wp\/v2\/pages\/1621\/revisions"}],"predecessor-version":[{"id":2120,"href":"https:\/\/d-tech-solutions.com\/es\/wp-json\/wp\/v2\/pages\/1621\/revisions\/2120"}],"wp:attachment":[{"href":"https:\/\/d-tech-solutions.com\/es\/wp-json\/wp\/v2\/media?parent=1621"}],"curies":[{"name":"wp","href":"https:\/\/api.w.org\/{rel}","templated":true}]}}